{"id":7,"date":"2023-11-24T17:25:58","date_gmt":"2023-11-24T17:25:58","guid":{"rendered":"https:\/\/webbutveckling.net\/?page_id=7"},"modified":"2023-12-01T14:26:47","modified_gmt":"2023-12-01T14:26:47","slug":"kontakta-oss","status":"publish","type":"page","link":"https:\/\/webbutveckling.net\/index.php\/kontakta-oss\/","title":{"rendered":""},"content":{"rendered":"\n<div class=\"wp-block-group has-base-background-color has-background has-global-padding is-layout-constrained wp-container-core-group-is-layout-931e5abc wp-block-group-is-layout-constrained wp-container-6 is-position-sticky\" style=\"margin-top:0;margin-bottom:0;padding-top:0;padding-right:0;padding-bottom:0;padding-left:0\">\n<div class=\"wp-block-group has-border-color has-mono-3-border-color has-base-background-color has-background has-global-padding is-layout-constrained wp-container-core-group-is-layout-c43ad301 wp-block-group-is-layout-constrained wp-container-5 is-position-sticky\" style=\"border-width:1px;border-radius:8px;padding-top:var(--wp--preset--spacing--superbspacing-small);padding-right:var(--wp--preset--spacing--superbspacing-small);padding-bottom:var(--wp--preset--spacing--superbspacing-small);padding-left:var(--wp--preset--spacing--superbspacing-small)\">\n<div class=\"wp-block-columns is-layout-flex wp-container-core-columns-is-layout-28f84493 wp-block-columns-is-layout-flex\">\n<div class=\"wp-block-column is-layout-flow wp-block-column-is-layout-flow\">\n<div class=\"wp-block-group has-border-color has-mono-3-border-color has-base-background-color has-background has-global-padding is-layout-constrained wp-container-core-group-is-layout-c43ad301 wp-block-group-is-layout-constrained wp-container-1 is-position-sticky\" style=\"border-width:1px;border-radius:8px;padding-top:var(--wp--preset--spacing--superbspacing-small);padding-right:var(--wp--preset--spacing--superbspacing-small);padding-bottom:var(--wp--preset--spacing--superbspacing-small);padding-left:var(--wp--preset--spacing--superbspacing-small)\">\n<div class=\"wp-block-cover has-parallax\" style=\"border-style:none;border-width:0px\"><span aria-hidden=\"true\" class=\"wp-block-cover__background has-background-dim-30 has-background-dim\"><\/span><div role=\"img\" class=\"wp-block-cover__image-background wp-image-113 has-parallax\" style=\"background-position:50% 50%;background-image:url(https:\/\/webbutveckling.net\/wp-content\/uploads\/2023\/11\/weight.jpg)\"><\/div><div class=\"wp-block-cover__inner-container has-global-padding is-layout-constrained wp-block-cover-is-layout-constrained\">\n<h3 class=\"wp-block-heading has-text-align-center has-contrast-light-color has-text-color has-superbfont-xxlarge-font-size\">Kontakta oss<\/h3>\n\n\n\n<p class=\"has-text-align-left has-contrast-light-color has-text-color has-superbfont-small-font-size\">F\u00f6r all information v\u00e4nligen kontakta oss.<br>Fr\u00e5gor, f\u00f6rslag eller n\u00e5got annat\u2026 vi \u00e4r h\u00e4r f\u00f6r att hj\u00e4lpa dig med v\u00e5r expertis.<\/p>\n<\/div><\/div>\n<\/div>\n<\/div>\n<\/div>\n\n\n\n<div class=\"wp-block-group has-global-padding is-layout-constrained wp-block-group-is-layout-constrained\">\n<div class=\"wp-block-columns is-layout-flex wp-container-core-columns-is-layout-28f84493 wp-block-columns-is-layout-flex\">\n<div class=\"wp-block-column is-layout-flow wp-block-column-is-layout-flow\">\n<div class=\"wp-block-group alignwide has-global-padding is-layout-constrained wp-block-group-is-layout-constrained\">\n<div class=\"wp-block-columns alignwide are-vertically-aligned-top is-layout-flex wp-container-core-columns-is-layout-25593187 wp-block-columns-is-layout-flex\">\n<div class=\"wp-block-column is-vertically-aligned-top is-layout-flow wp-container-core-column-is-layout-8a368f38 wp-block-column-is-layout-flow\">\n<div class=\"wp-block-group has-primary-background-color has-background has-global-padding is-content-justification-left is-layout-constrained wp-container-core-group-is-layout-029757b0 wp-block-group-is-layout-constrained wp-container-2 is-position-sticky\" style=\"border-radius:8px;padding-top:var(--wp--preset--spacing--superbspacing-xsmall);padding-right:var(--wp--preset--spacing--superbspacing-xsmall);padding-bottom:var(--wp--preset--spacing--superbspacing-xsmall);padding-left:var(--wp--preset--spacing--superbspacing-xsmall)\">\n<div class=\"wp-block-group is-nowrap is-layout-flex wp-container-core-group-is-layout-6c531013 wp-block-group-is-layout-flex\">\n<figure class=\"wp-block-image aligncenter size-large is-resized\"><img decoding=\"async\" src=\"https:\/\/webbutveckling.net\/wp-content\/themes\/foodify\/assets\/images\/sonoran-article-1.png\" alt=\"\" style=\"width:48px;height:undefinedpx\"\/><\/figure>\n<\/div>\n\n\n\n<div class=\"wp-block-group has-global-padding is-layout-constrained wp-container-core-group-is-layout-d598ad9d wp-block-group-is-layout-constrained\">\n<h3 class=\"wp-block-heading has-text-align-left has-contrast-light-color has-text-color has-alegreya-font-family has-superbfont-medium-font-size\">Vi befinner oss h\u00e4r<\/h3>\n<\/div>\n\n\n\n<h3 class=\"wp-block-heading has-text-align-left has-contrast-light-color has-text-color has-superbfont-small-font-size\"><\/h3>\n\n\n\n<div class=\"wp-block-columns is-layout-flex wp-container-core-columns-is-layout-28f84493 wp-block-columns-is-layout-flex\">\n<div class=\"wp-block-column is-layout-flow wp-block-column-is-layout-flow\">\n<iframe src=\"https:\/\/www.google.com\/maps\/embed?pb=!1m18!1m12!1m3!1d1849.2444339833075!2d17.306300976939756!3d62.38740147623706!2m3!1f0!2f0!3f0!3m2!1i1024!2i768!4f13.1!3m3!1m2!1s0x4664675d6f1d3673%3A0x24adb4b211fcfff4!2sIron%20Works%20Health%26Fitness%20Center%2024%2F7%20%C3%96ppet%20f%C3%B6r%20medlemmar%20dygnet%20runt*21!5e0!3m2!1ssv!2sse!4v1700569676250!5m2!1ssv!2sse\" width=\"500\" height=\"220\" style=\"border:0;\" allowfullscreen=\"\" loading=\"lazy\" referrerpolicy=\"no-referrer-when-downgrade\"><\/iframe>\n<\/div>\n<\/div>\n<\/div>\n<\/div>\n\n\n\n<div class=\"wp-block-column is-vertically-aligned-top is-layout-flow wp-container-core-column-is-layout-e38e6d2d wp-block-column-is-layout-flow\">\n<div class=\"wp-block-group has-border-color has-mono-3-border-color has-base-background-color has-background has-global-padding is-layout-constrained wp-container-core-group-is-layout-b575014c wp-block-group-is-layout-constrained wp-container-3 is-position-sticky\" style=\"border-width:1px;border-radius:8px;padding-top:var(--wp--preset--spacing--superbspacing-xsmall);padding-right:var(--wp--preset--spacing--superbspacing-xsmall);padding-bottom:var(--wp--preset--spacing--superbspacing-xsmall);padding-left:var(--wp--preset--spacing--superbspacing-xsmall)\">\n<p class=\"has-superbfont-xsmall-font-size\"><\/p>\n\n\n\n<div class=\"wp-block-group has-global-padding is-layout-constrained wp-container-core-group-is-layout-19c400f2 wp-block-group-is-layout-constrained\" style=\"min-height:0px;margin-top:0;margin-bottom:0\"><style id=\"wpforms-css-vars-root\">\n\t\t\t\t:root {\n\t\t\t\t\t--wpforms-field-border-radius: 3px;\n--wpforms-field-background-color: #ffffff;\n--wpforms-field-border-color: rgba( 0, 0, 0, 0.25 );\n--wpforms-field-text-color: rgba( 0, 0, 0, 0.7 );\n--wpforms-label-color: rgba( 0, 0, 0, 0.85 );\n--wpforms-label-sublabel-color: rgba( 0, 0, 0, 0.55 );\n--wpforms-label-error-color: #d63637;\n--wpforms-button-border-radius: 3px;\n--wpforms-button-background-color: #066aab;\n--wpforms-button-text-color: #ffffff;\n--wpforms-field-size-input-height: 43px;\n--wpforms-field-size-input-spacing: 15px;\n--wpforms-field-size-font-size: 16px;\n--wpforms-field-size-line-height: 19px;\n--wpforms-field-size-padding-h: 14px;\n--wpforms-field-size-checkbox-size: 16px;\n--wpforms-field-size-sublabel-spacing: 5px;\n--wpforms-field-size-icon-size: 1;\n--wpforms-label-size-font-size: 16px;\n--wpforms-label-size-line-height: 19px;\n--wpforms-label-size-sublabel-font-size: 14px;\n--wpforms-label-size-sublabel-line-height: 17px;\n--wpforms-button-size-font-size: 17px;\n--wpforms-button-size-height: 41px;\n--wpforms-button-size-padding-h: 15px;\n--wpforms-button-size-margin-top: 10px;\n\n\t\t\t\t}\n\t\t\t<\/style><style id=\"wpforms-css-vars-330-block-3464208a-f61e-4eeb-bd4e-0f7e2d21ab27\">\n\t\t\t\t#wpforms-330.wpforms-block-3464208a-f61e-4eeb-bd4e-0f7e2d21ab27 {\n\t\t\t\t\t--wpforms-field-background-color: #294955;\n--wpforms-field-border-color: #C5B466;\n--wpforms-field-text-color: #FFFFFF;\n--wpforms-label-color: #FFFFFF;\n--wpforms-label-sublabel-color: #8a8a8a8c;\n--wpforms-button-border-radius: 6px;\n--wpforms-button-background-color: #C5B466;\n--wpforms-field-size-input-height: 31px;\n--wpforms-field-size-input-spacing: 10px;\n--wpforms-field-size-font-size: 14px;\n--wpforms-field-size-line-height: 17px;\n--wpforms-field-size-padding-h: 9px;\n--wpforms-field-size-checkbox-size: 14px;\n--wpforms-field-size-sublabel-spacing: 5px;\n--wpforms-field-size-icon-size: 0.75;\n--wpforms-label-size-font-size: 14px;\n--wpforms-label-size-line-height: 17px;\n--wpforms-label-size-sublabel-font-size: 13px;\n--wpforms-label-size-sublabel-line-height: 16px;\n--wpforms-button-size-font-size: 20px;\n--wpforms-button-size-height: 48px;\n--wpforms-button-size-padding-h: 20px;\n--wpforms-button-size-margin-top: 15px;\n\n\t\t\t\t}\n\t\t\t<\/style><div class=\"wpforms-container wpforms-container-full wpforms-block wpforms-block-3464208a-f61e-4eeb-bd4e-0f7e2d21ab27 wpforms-render-modern\" id=\"wpforms-330\"><form id=\"wpforms-form-330\" class=\"wpforms-validate wpforms-form wpforms-ajax-form\" data-formid=\"330\" method=\"post\" enctype=\"multipart\/form-data\" action=\"\/index.php\/wp-json\/wp\/v2\/pages\/7\" data-token=\"a09b6775f7590e0c31be0c133594979a\"><noscript class=\"wpforms-error-noscript\">Please enable JavaScript in your browser to complete this form.<\/noscript><div class=\"wpforms-hidden\" id=\"wpforms-error-noscript\">Please enable JavaScript in your browser to complete this form.<\/div><div class=\"wpforms-field-container\"><div id=\"wpforms-330-field_0-container\" class=\"wpforms-field wpforms-field-name\" data-field-id=\"0\"><label class=\"wpforms-field-label\" for=\"wpforms-330-field_0\">Namn <span class=\"wpforms-required-label\" aria-hidden=\"true\">*<\/span><\/label><input type=\"text\" id=\"wpforms-330-field_0\" class=\"wpforms-field-medium wpforms-field-required\" name=\"wpforms[fields][0]\" aria-errormessage=\"wpforms-330-field_0-error\" required><\/div><div id=\"wpforms-330-field_1-container\" class=\"wpforms-field wpforms-field-email\" data-field-id=\"1\"><label class=\"wpforms-field-label\" for=\"wpforms-330-field_1\">E-Postadress <span class=\"wpforms-required-label\" aria-hidden=\"true\">*<\/span><\/label><input type=\"email\" id=\"wpforms-330-field_1\" class=\"wpforms-field-medium wpforms-field-required\" name=\"wpforms[fields][1]\" spellcheck=\"false\" aria-errormessage=\"wpforms-330-field_1-error\" required><\/div><div id=\"wpforms-330-field_2-container\" class=\"wpforms-field wpforms-field-textarea\" data-field-id=\"2\"><label class=\"wpforms-field-label\" for=\"wpforms-330-field_2\">Meddelande<\/label><textarea id=\"wpforms-330-field_2\" class=\"wpforms-field-medium\" name=\"wpforms[fields][2]\" aria-errormessage=\"wpforms-330-field_2-error\" ><\/textarea><\/div><\/div><!-- .wpforms-field-container --><div class=\"wpforms-submit-container\" ><input type=\"hidden\" name=\"wpforms[id]\" value=\"330\"><input type=\"hidden\" name=\"wpforms[author]\" value=\"1\"><button type=\"submit\" name=\"wpforms[submit]\" id=\"wpforms-submit-330\" class=\"wpforms-submit\" data-alt-text=\"Skickar...\" data-submit-text=\"Skicka\" aria-live=\"assertive\" value=\"wpforms-submit\">Skicka<\/button><img loading=\"lazy\" decoding=\"async\" src=\"https:\/\/webbutveckling.net\/wp-content\/plugins\/wpforms-lite\/assets\/images\/submit-spin.svg\" class=\"wpforms-submit-spinner\" style=\"display: none;\" width=\"26\" height=\"26\" alt=\"Loading\"><\/div><\/form><\/div>  <!-- .wpforms-container --><\/div>\n<\/div>\n<\/div>\n<\/div>\n<\/div>\n<\/div>\n<\/div>\n<\/div>\n\n\n\n<div class=\"wp-block-columns is-layout-flex wp-container-core-columns-is-layout-28f84493 wp-block-columns-is-layout-flex\">\n<div class=\"wp-block-column is-layout-flow wp-block-column-is-layout-flow\">\n<div class=\"wp-block-columns is-layout-flex wp-container-core-columns-is-layout-28f84493 wp-block-columns-is-layout-flex\">\n<div class=\"wp-block-column is-layout-flow wp-block-column-is-layout-flow\">\n<div class=\"wp-block-group has-border-color has-base-background-color has-background has-global-padding is-layout-constrained wp-container-core-group-is-layout-d0e0d81d wp-block-group-is-layout-constrained\" style=\"border-color:#305563;border-width:1px;border-radius:6px;padding-top:var(--wp--preset--spacing--superbspacing-xxsmall);padding-right:var(--wp--preset--spacing--superbspacing-xxsmall);padding-bottom:var(--wp--preset--spacing--superbspacing-xxsmall);padding-left:var(--wp--preset--spacing--superbspacing-xxsmall)\">\n<div class=\"wp-block-group has-global-padding is-layout-constrained wp-block-group-is-layout-constrained\">\n<div class=\"wp-block-group has-mono-4-background-color has-background has-global-padding is-content-justification-left is-layout-constrained wp-container-core-group-is-layout-ad4d9fa9 wp-block-group-is-layout-constrained\" style=\"border-radius:6px;padding-top:var(--wp--preset--spacing--superbspacing-xsmall);padding-right:var(--wp--preset--spacing--superbspacing-xsmall);padding-bottom:var(--wp--preset--spacing--superbspacing-xsmall);padding-left:var(--wp--preset--spacing--superbspacing-xsmall)\">\n<div class=\"wp-block-group is-nowrap is-layout-flex wp-container-core-group-is-layout-6c531013 wp-block-group-is-layout-flex\">\n<figure class=\"wp-block-image aligncenter size-large is-resized\"><img decoding=\"async\" src=\"https:\/\/webbutveckling.net\/wp-content\/themes\/foodify\/assets\/images\/sonoran-wechat-logo.png\" alt=\"\" style=\"width:48px;height:48px\"\/><\/figure>\n<\/div>\n\n\n\n<div class=\"wp-block-group has-global-padding is-layout-constrained wp-container-core-group-is-layout-d598ad9d wp-block-group-is-layout-constrained\">\n<h3 class=\"wp-block-heading has-text-align-left has-contrast-color has-text-color has-alegreya-font-family has-superbfont-medium-font-size\">Adress<\/h3>\n\n\n\n<p class=\"has-text-align-left has-secondary-color has-text-color has-superbfont-xsmall-font-size\">IronWorks Sundsvall, S\u00f6dra J\u00e4rnv\u00e4gsgatan 13, 852 37 Sundsvall<\/p>\n\n\n\n<h3 class=\"wp-block-heading has-text-align-left has-contrast-color has-text-color has-alegreya-font-family has-superbfont-medium-font-size\">Telefon<\/h3>\n\n\n\n<p class=\"has-superbfont-xsmall-font-size\">070-753 92 39<\/p>\n\n\n\n<h3 class=\"wp-block-heading has-text-align-left has-contrast-color has-text-color has-alegreya-font-family has-superbfont-medium-font-size\">Email<\/h3>\n\n\n\n<h3 class=\"wp-block-heading has-text-align-left has-primary-color has-text-color has-superbfont-xsmall-font-size\"><a href=\"mailto:email@example.com\">ironworks@iw24.se<\/a><\/h3>\n<\/div>\n<\/div>\n<\/div>\n<\/div>\n<\/div>\n\n\n\n<div class=\"wp-block-column is-layout-flow wp-block-column-is-layout-flow\">\n<div class=\"wp-block-group has-border-color has-mono-3-border-color has-base-background-color has-background has-global-padding is-layout-constrained wp-container-core-group-is-layout-8ee3694c wp-block-group-is-layout-constrained\" style=\"border-width:1px;border-radius:8px;margin-top:0;margin-bottom:0;padding-top:var(--wp--preset--spacing--superbspacing-xxsmall);padding-right:var(--wp--preset--spacing--superbspacing-xxsmall);padding-bottom:var(--wp--preset--spacing--superbspacing-xxsmall);padding-left:var(--wp--preset--spacing--superbspacing-xxsmall)\">\n<div class=\"wp-block-group has-global-padding is-layout-constrained wp-block-group-is-layout-constrained\">\n<div class=\"wp-block-group has-mono-4-background-color has-background has-global-padding is-content-justification-center is-layout-constrained wp-container-core-group-is-layout-5d6a3658 wp-block-group-is-layout-constrained wp-container-4 is-position-sticky\" style=\"border-style:none;border-width:0px;border-radius:7px;padding-top:var(--wp--preset--spacing--superbspacing-xsmall);padding-right:var(--wp--preset--spacing--superbspacing-xsmall);padding-bottom:var(--wp--preset--spacing--superbspacing-xsmall);padding-left:var(--wp--preset--spacing--superbspacing-xsmall)\">\n<figure class=\"wp-block-image size-full is-resized has-custom-border\"><img loading=\"lazy\" decoding=\"async\" width=\"1366\" height=\"712\" src=\"https:\/\/webbutveckling.net\/wp-content\/uploads\/2023\/12\/ironwrx.jpg\" alt=\"\" class=\"wp-image-429\" style=\"border-radius:6px;width:520px;height:auto\" srcset=\"https:\/\/webbutveckling.net\/wp-content\/uploads\/2023\/12\/ironwrx.jpg 1366w, https:\/\/webbutveckling.net\/wp-content\/uploads\/2023\/12\/ironwrx-300x156.jpg 300w, https:\/\/webbutveckling.net\/wp-content\/uploads\/2023\/12\/ironwrx-1024x534.jpg 1024w, https:\/\/webbutveckling.net\/wp-content\/uploads\/2023\/12\/ironwrx-768x400.jpg 768w\" sizes=\"auto, (max-width: 1366px) 100vw, 1366px\" \/><\/figure>\n<\/div>\n<\/div>\n<\/div>\n<\/div>\n<\/div>\n<\/div>\n<\/div>\n<\/div>\n<\/div>\n","protected":false},"excerpt":{"rendered":"<p>Vi befinner oss h\u00e4r Adress IronWorks Sundsvall, S\u00f6dra J\u00e4rnv\u00e4gsgatan 13, 852 37 Sundsvall Telefon 070-753 92 39 Email ironworks@iw24.se<\/p>\n","protected":false},"author":1,"featured_media":0,"parent":0,"menu_order":0,"comment_status":"closed","ping_status":"closed","template":"","meta":{"ub_ctt_via":"","footnotes":""},"class_list":["post-7","page","type-page","status-publish","hentry"],"featured_image_src":null,"_links":{"self":[{"href":"https:\/\/webbutveckling.net\/index.php\/wp-json\/wp\/v2\/pages\/7","targetHints":{"allow":["GET"]}}],"collection":[{"href":"https:\/\/webbutveckling.net\/index.php\/wp-json\/wp\/v2\/pages"}],"about":[{"href":"https:\/\/webbutveckling.net\/index.php\/wp-json\/wp\/v2\/types\/page"}],"author":[{"embeddable":true,"href":"https:\/\/webbutveckling.net\/index.php\/wp-json\/wp\/v2\/users\/1"}],"replies":[{"embeddable":true,"href":"https:\/\/webbutveckling.net\/index.php\/wp-json\/wp\/v2\/comments?post=7"}],"version-history":[{"count":44,"href":"https:\/\/webbutveckling.net\/index.php\/wp-json\/wp\/v2\/pages\/7\/revisions"}],"predecessor-version":[{"id":431,"href":"https:\/\/webbutveckling.net\/index.php\/wp-json\/wp\/v2\/pages\/7\/revisions\/431"}],"wp:attachment":[{"href":"https:\/\/webbutveckling.net\/index.php\/wp-json\/wp\/v2\/media?parent=7"}],"curies":[{"name":"wp","href":"https:\/\/api.w.org\/{rel}","templated":true}]}}