{"id":229,"date":"2023-11-25T19:27:27","date_gmt":"2023-11-25T19:27:27","guid":{"rendered":"https:\/\/webbutveckling.net\/?page_id=229"},"modified":"2023-12-01T14:04:41","modified_gmt":"2023-12-01T14:04:41","slug":"bli-medlem","status":"publish","type":"page","link":"https:\/\/webbutveckling.net\/index.php\/bli-medlem\/","title":{"rendered":""},"content":{"rendered":"\n<div class=\"wp-block-group alignfull has-mono-4-background-color has-background has-global-padding is-layout-constrained wp-container-core-group-is-layout-c3433f61 wp-block-group-is-layout-constrained wp-container-1 is-position-sticky\" style=\"border-radius:15px;margin-top:0;margin-bottom:0;padding-top:var(--wp--preset--spacing--superbspacing-xxlarge);padding-right:var(--wp--preset--spacing--superbspacing-small);padding-bottom:var(--wp--preset--spacing--superbspacing-xxlarge);padding-left:var(--wp--preset--spacing--superbspacing-small)\">\n<div class=\"wp-block-columns is-layout-flex wp-container-core-columns-is-layout-28f84493 wp-block-columns-is-layout-flex\">\n<div class=\"wp-block-column is-layout-flow wp-block-column-is-layout-flow\">\n<h2 class=\"wp-block-heading\">Bli medlem idag<\/h2>\n\n\n\n<p class=\"has-superbfont-xsmall-font-size\">Oavsett om du \u00e4r en erfaren atlet eller en nyb\u00f6rjare som vill f\u00f6rb\u00e4ttra din h\u00e4lsa och fitness, har vi ett medlemskap som passar just dig, ditt tr\u00e4ningsbehov och livsstil. B\u00f6rja tr\u00e4na p\u00e5 dina villkor och p\u00e5 riktigt hos oss!<\/p>\n<\/div>\n\n\n\n<div class=\"wp-block-column is-layout-flow wp-block-column-is-layout-flow\">\n<h2 class=\"wp-block-heading\"><strong>12 m\u00e5naders tr\u00e4ning<\/strong><\/h2>\n\n\n\n<p class=\"has-superbfont-xsmall-font-size\">Vill du hellre betala i kontant\/f\u00f6rskott eller nyttja ditt friskv\u00e5rdsbidrag? Vi erbjuder \u00e5rskort p\u00e5 respektive medlemskap, finns att v\u00e4lja i kassan som betalningsmetod.<\/p>\n<\/div>\n<\/div>\n\n\n\n<div class=\"wp-block-columns alignwide are-vertically-aligned-top is-layout-flex wp-container-core-columns-is-layout-3ae839bb wp-block-columns-is-layout-flex\" style=\"border-radius:0px;padding-top:0;padding-right:0;padding-bottom:0;padding-left:0\">\n<div class=\"wp-block-column is-vertically-aligned-top is-layout-flow wp-container-core-column-is-layout-eef95d05 wp-block-column-is-layout-flow\" style=\"padding-top:0px;padding-right:0px;padding-bottom:0px;padding-left:0px\">\n<div class=\"wp-block-group has-border-color has-mono-3-border-color has-base-background-color has-background has-global-padding is-layout-constrained wp-container-core-group-is-layout-c43ad301 wp-block-group-is-layout-constrained\" style=\"border-width:1px;border-radius:8px;padding-top:var(--wp--preset--spacing--superbspacing-small);padding-right:var(--wp--preset--spacing--superbspacing-small);padding-bottom:var(--wp--preset--spacing--superbspacing-small);padding-left:var(--wp--preset--spacing--superbspacing-small)\">\n<h2 class=\"wp-block-heading has-text-align-center has-primary-color has-text-color has-link-color wp-elements-5c2d68acd0575835ecde9b64747cacf3\">Guld<\/h2>\n\n\n\n<h1 class=\"wp-block-heading has-text-align-center has-superbfont-xsmall-font-size\">TR\u00c4NA DYGNET RUNT<\/h1>\n\n\n\n<p class=\"has-mono-2-color has-text-color has-link-color has-superbfont-xsmall-font-size wp-elements-38f9d7c29876fa6c2f8e1afa36685b9f\">\ud83d\udcaa &nbsp; &nbsp;Tillg\u00e5ng till ditt valda gym&nbsp;<\/p>\n\n\n\n<p class=\"has-mono-2-color has-text-color has-link-color has-superbfont-xsmall-font-size wp-elements-64d5e88b59b00c2714eaf27f81e2f520\">\ud83d\udcaa&nbsp; &nbsp; Ett tr\u00e4ningsschema som passar dina m\u00e5l<\/p>\n\n\n\n<p class=\"has-mono-2-color has-text-color has-link-color has-superbfont-xsmall-font-size wp-elements-901e763abdd58ac9fe363a13d68ca54f\">\ud83d\udcaa&nbsp; &nbsp; En personlig visning &amp; v\u00e4gledning av en instrukt\u00f6r<br>\ud83d\udcaa&nbsp; &nbsp; Tr\u00e4na 24\/7 alla dagar p\u00e5 \u00e5ret&nbsp;<\/p>\n\n\n\n<h1 class=\"wp-block-heading has-text-align-center has-primary-color has-text-color has-link-color has-superbfont-medium-font-size wp-elements-17d098e92bdabc1765e07a0cb0ca8030\"><strong>459<\/strong><strong>kr\/m\u00e5n<\/strong><br>Ingen startavgift!<\/h1>\n<\/div>\n<\/div>\n\n\n\n<div class=\"wp-block-column is-vertically-aligned-top is-layout-flow wp-container-core-column-is-layout-eef95d05 wp-block-column-is-layout-flow\" style=\"padding-top:0px;padding-right:0px;padding-bottom:0px;padding-left:0px\">\n<div class=\"wp-block-group has-border-color has-mono-3-border-color has-base-background-color has-background has-global-padding is-layout-constrained wp-container-core-group-is-layout-c43ad301 wp-block-group-is-layout-constrained\" style=\"border-width:1px;border-radius:8px;padding-top:var(--wp--preset--spacing--superbspacing-small);padding-right:var(--wp--preset--spacing--superbspacing-small);padding-bottom:var(--wp--preset--spacing--superbspacing-small);padding-left:var(--wp--preset--spacing--superbspacing-small)\">\n<h2 class=\"wp-block-heading has-text-align-center has-text-color has-link-color wp-elements-f59e8dc01b6b8dad24a6921f8306589b\" style=\"color:#aaaaaa\">Silver<\/h2>\n\n\n\n<h1 class=\"wp-block-heading has-text-align-center has-superbfont-xsmall-font-size\"><strong>TR\u00c4NA DAGTID<\/strong>*<\/h1>\n\n\n\n<p class=\"has-superbfont-xsmall-font-size\">\ud83d\udcaa &nbsp; &nbsp;Tillg\u00e5ng till ditt valda gym&nbsp;<\/p>\n\n\n\n<p class=\"has-superbfont-xsmall-font-size\">\ud83d\udcaa &nbsp; &nbsp;Ett tr\u00e4ningsschema som passar dina m\u00e5l<\/p>\n\n\n\n<p class=\"has-superbfont-xsmall-font-size\">\ud83d\udcaa &nbsp; &nbsp;En personlig visning &amp; v\u00e4gledning av en instrukt\u00f6r<\/p>\n\n\n\n<p class=\"has-superbfont-xsmall-font-size\">\ud83d\udcaa &nbsp; &nbsp;Tr\u00e4na vardagar 05:00 &#8211; 15:00 &amp; helg dygnet runt*<\/p>\n\n\n\n<h1 class=\"wp-block-heading has-text-align-center has-text-color has-link-color has-superbfont-medium-font-size wp-elements-0b6ff91cd82c7d1f7855c0e4ea12886d\" style=\"color:#aaaaaa\"><strong>309<\/strong><strong>kr\/m\u00e5n<\/strong><br>Ingen startavgift!<\/h1>\n<\/div>\n<\/div>\n<\/div>\n\n\n\n<div class=\"wp-block-group has-global-padding is-layout-constrained wp-block-group-is-layout-constrained\">\n<div class=\"wp-block-columns is-layout-flex wp-container-core-columns-is-layout-28f84493 wp-block-columns-is-layout-flex\">\n<div class=\"wp-block-column is-layout-flow wp-block-column-is-layout-flow\">\n<div class=\"wp-block-columns is-layout-flex wp-container-core-columns-is-layout-28f84493 wp-block-columns-is-layout-flex\">\n<div class=\"wp-block-column is-layout-flow wp-block-column-is-layout-flow\">\n<div class=\"wp-block-group has-border-color has-mono-3-border-color has-base-background-color has-background has-global-padding is-layout-constrained wp-container-core-group-is-layout-c43ad301 wp-block-group-is-layout-constrained\" style=\"border-width:1px;border-radius:8px;padding-top:var(--wp--preset--spacing--superbspacing-small);padding-right:var(--wp--preset--spacing--superbspacing-small);padding-bottom:var(--wp--preset--spacing--superbspacing-small);padding-left:var(--wp--preset--spacing--superbspacing-small)\"><div class=\"ub-expand \" id=\"ub-expand-210101c6-c94b-4d2f-91a2-d093855e4431\">\n<div class=\"ub-expand-portion ub-expand-partial\"><a class=\"ub-expand-toggle-button\" role=\"button\" aria-expanded=\"false\" aria-controls=\"ub-expand-full-10cf14ee-575c-4d4d-ad12-00b0c98bc02c\" tabindex=\"0\">Bli medlem<\/a><\/div>\n\n<div class=\"ub-expand-portion ub-expand-full ub-hide\">\n<style id=\"wpforms-css-vars-root\">\n\t\t\t\t:root {\n\t\t\t\t\t--wpforms-field-border-radius: 3px;\n--wpforms-field-background-color: #ffffff;\n--wpforms-field-border-color: rgba( 0, 0, 0, 0.25 );\n--wpforms-field-text-color: rgba( 0, 0, 0, 0.7 );\n--wpforms-label-color: rgba( 0, 0, 0, 0.85 );\n--wpforms-label-sublabel-color: rgba( 0, 0, 0, 0.55 );\n--wpforms-label-error-color: #d63637;\n--wpforms-button-border-radius: 3px;\n--wpforms-button-background-color: #066aab;\n--wpforms-button-text-color: #ffffff;\n--wpforms-field-size-input-height: 43px;\n--wpforms-field-size-input-spacing: 15px;\n--wpforms-field-size-font-size: 16px;\n--wpforms-field-size-line-height: 19px;\n--wpforms-field-size-padding-h: 14px;\n--wpforms-field-size-checkbox-size: 16px;\n--wpforms-field-size-sublabel-spacing: 5px;\n--wpforms-field-size-icon-size: 1;\n--wpforms-label-size-font-size: 16px;\n--wpforms-label-size-line-height: 19px;\n--wpforms-label-size-sublabel-font-size: 14px;\n--wpforms-label-size-sublabel-line-height: 17px;\n--wpforms-button-size-font-size: 17px;\n--wpforms-button-size-height: 41px;\n--wpforms-button-size-padding-h: 15px;\n--wpforms-button-size-margin-top: 10px;\n\n\t\t\t\t}\n\t\t\t<\/style><style id=\"wpforms-css-vars-356-block-afa44dc1-0493-4420-b56a-00326b7a2bf0\">\n\t\t\t\t#wpforms-356.wpforms-block-afa44dc1-0493-4420-b56a-00326b7a2bf0 {\n\t\t\t\t\t--wpforms-field-background-color: #294955;\n--wpforms-field-border-color: #C5B466;\n--wpforms-field-text-color: #FFFFFF;\n--wpforms-label-color: #FFFFFF;\n--wpforms-label-sublabel-color: #abb8c3;\n--wpforms-button-border-radius: 7px;\n--wpforms-button-background-color: #C5B466;\n--wpforms-field-size-input-height: 31px;\n--wpforms-field-size-input-spacing: 10px;\n--wpforms-field-size-font-size: 14px;\n--wpforms-field-size-line-height: 17px;\n--wpforms-field-size-padding-h: 9px;\n--wpforms-field-size-checkbox-size: 14px;\n--wpforms-field-size-sublabel-spacing: 5px;\n--wpforms-field-size-icon-size: 0.75;\n--wpforms-label-size-font-size: 14px;\n--wpforms-label-size-line-height: 17px;\n--wpforms-label-size-sublabel-font-size: 13px;\n--wpforms-label-size-sublabel-line-height: 16px;\n\n\t\t\t\t}\n\t\t\t<\/style><div class=\"wpforms-container wpforms-container-full wpforms-block wpforms-block-afa44dc1-0493-4420-b56a-00326b7a2bf0 wpforms-render-modern\" id=\"wpforms-356\"><form id=\"wpforms-form-356\" class=\"wpforms-validate wpforms-form wpforms-ajax-form\" data-formid=\"356\" method=\"post\" enctype=\"multipart\/form-data\" action=\"\/index.php\/wp-json\/wp\/v2\/pages\/229\" data-token=\"36ee6abe31578976eee04c9bf958384a\"><noscript class=\"wpforms-error-noscript\">Please enable JavaScript in your browser to complete this form.<\/noscript><div class=\"wpforms-hidden\" id=\"wpforms-error-noscript\">Please enable JavaScript in your browser to complete this form.<\/div><div class=\"wpforms-field-container\"><div id=\"wpforms-356-field_0-container\" class=\"wpforms-field wpforms-field-name\" data-field-id=\"0\"><fieldset><legend class=\"wpforms-field-label\">Namn <span class=\"wpforms-required-label\" aria-hidden=\"true\">*<\/span><\/legend><div class=\"wpforms-field-row wpforms-field-medium\"><div class=\"wpforms-field-row-block wpforms-first wpforms-one-half\"><input type=\"text\" id=\"wpforms-356-field_0\" class=\"wpforms-field-name-first wpforms-field-required\" name=\"wpforms[fields][0][first]\" aria-errormessage=\"wpforms-356-field_0-error\" required><label for=\"wpforms-356-field_0\" class=\"wpforms-field-sublabel after \">First<\/label><\/div><div class=\"wpforms-field-row-block wpforms-one-half\"><input type=\"text\" id=\"wpforms-356-field_0-last\" class=\"wpforms-field-name-last wpforms-field-required\" name=\"wpforms[fields][0][last]\" aria-errormessage=\"wpforms-356-field_0-last-error\" required><label for=\"wpforms-356-field_0-last\" class=\"wpforms-field-sublabel after \">Last<\/label><\/div><\/div><\/fieldset><\/div><div id=\"wpforms-356-field_1-container\" class=\"wpforms-field wpforms-field-email\" data-field-id=\"1\"><label class=\"wpforms-field-label\" for=\"wpforms-356-field_1\">E-Postadress <span class=\"wpforms-required-label\" aria-hidden=\"true\">*<\/span><\/label><input type=\"email\" id=\"wpforms-356-field_1\" class=\"wpforms-field-medium wpforms-field-required\" name=\"wpforms[fields][1]\" spellcheck=\"false\" aria-errormessage=\"wpforms-356-field_1-error\" required><\/div><div id=\"wpforms-356-field_6-container\" class=\"wpforms-field wpforms-field-stripe-credit-card\" data-field-id=\"6\"><label class=\"wpforms-field-label\" for=\"wpforms-356-field_6\">Bank kort <span class=\"wpforms-required-label\" aria-hidden=\"true\">*<\/span><\/label><div class=\"wpforms-cc-warning wpforms-error-alert\">Credit Card field is disabled, Stripe keys are missing.<\/div><\/div><div id=\"wpforms-356-field_3-container\" class=\"wpforms-field wpforms-field-payment-multiple wpforms-list-inline\" data-field-id=\"3\"><fieldset><legend class=\"wpforms-field-label\">V\u00e4lj <span class=\"wpforms-required-label\" aria-hidden=\"true\">*<\/span><\/legend><ul id=\"wpforms-356-field_3\" class=\"wpforms-field-required wpforms-icon-choices wpforms-icon-choices-none wpforms-icon-choices-small\" style=\"--wpforms-icon-choices-color: #0399ed;\"><li class=\"choice-1 wpforms-icon-choices-item\"><label class=\"wpforms-field-label-inline\" for=\"wpforms-356-field_3_1\">\n\t\t\t\t<span class=\"wpforms-icon-choices-icon\">\n\t\t\t\t\t<svg xmlns=\"http:\/\/www.w3.org\/2000\/svg\" width=\"40\" height=\"32px\" viewBox=\"0 0 576 512\"><!--! Font Awesome Free 6.4.0 by @fontawesome - https:\/\/fontawesome.com License - https:\/\/fontawesome.com\/license\/free (Icons: CC BY 4.0, Fonts: SIL OFL 1.1, Code: MIT License) Copyright 2023 Fonticons, Inc. --><path d=\"M64 32C28.7 32 0 60.7 0 96V416c0 35.3 28.7 64 64 64H512c35.3 0 64-28.7 64-64V96c0-35.3-28.7-64-64-64H64zm80 256h64c44.2 0 80 35.8 80 80c0 8.8-7.2 16-16 16H80c-8.8 0-16-7.2-16-16c0-44.2 35.8-80 80-80zm-32-96a64 64 0 1 1 128 0 64 64 0 1 1 -128 0zm256-32H496c8.8 0 16 7.2 16 16s-7.2 16-16 16H368c-8.8 0-16-7.2-16-16s7.2-16 16-16zm0 64H496c8.8 0 16 7.2 16 16s-7.2 16-16 16H368c-8.8 0-16-7.2-16-16s7.2-16 16-16zm0 64H496c8.8 0 16 7.2 16 16s-7.2 16-16 16H368c-8.8 0-16-7.2-16-16s7.2-16 16-16z\"\/><\/svg>\n\t\t\t\t\t<span class=\"wpforms-icon-choices-icon-bg\"><\/span>\n\t\t\t\t<\/span>\n\t\t\t\t<input type=\"radio\" id=\"wpforms-356-field_3_1\" class=\"wpforms-payment-price\" data-amount=\"459.00\" name=\"wpforms[fields][3]\" value=\"1\" aria-errormessage=\"wpforms-356-field_3_1-error\" required >\n\t\t\t\t<span class=\"wpforms-icon-choices-label\">Guld Medlem &#8211; &#036; 459.00<\/span>\n\t\t\t<\/label><\/li><li class=\"choice-2 wpforms-icon-choices-item\"><label class=\"wpforms-field-label-inline\" for=\"wpforms-356-field_3_2\">\n\t\t\t\t<span class=\"wpforms-icon-choices-icon\">\n\t\t\t\t\t<svg xmlns=\"http:\/\/www.w3.org\/2000\/svg\" width=\"40\" height=\"32px\" viewBox=\"0 0 576 512\"><!--! Font Awesome Free 6.4.0 by @fontawesome - https:\/\/fontawesome.com License - https:\/\/fontawesome.com\/license\/free (Icons: CC BY 4.0, Fonts: SIL OFL 1.1, Code: MIT License) Copyright 2023 Fonticons, Inc. --><path d=\"M512 80c8.8 0 16 7.2 16 16V416c0 8.8-7.2 16-16 16H64c-8.8 0-16-7.2-16-16V96c0-8.8 7.2-16 16-16H512zM64 32C28.7 32 0 60.7 0 96V416c0 35.3 28.7 64 64 64H512c35.3 0 64-28.7 64-64V96c0-35.3-28.7-64-64-64H64zM208 256a64 64 0 1 0 0-128 64 64 0 1 0 0 128zm-32 32c-44.2 0-80 35.8-80 80c0 8.8 7.2 16 16 16H304c8.8 0 16-7.2 16-16c0-44.2-35.8-80-80-80H176zM376 144c-13.3 0-24 10.7-24 24s10.7 24 24 24h80c13.3 0 24-10.7 24-24s-10.7-24-24-24H376zm0 96c-13.3 0-24 10.7-24 24s10.7 24 24 24h80c13.3 0 24-10.7 24-24s-10.7-24-24-24H376z\"\/><\/svg>\n\t\t\t\t\t<span class=\"wpforms-icon-choices-icon-bg\"><\/span>\n\t\t\t\t<\/span>\n\t\t\t\t<input type=\"radio\" id=\"wpforms-356-field_3_2\" class=\"wpforms-payment-price\" data-amount=\"309.00\" name=\"wpforms[fields][3]\" value=\"2\" aria-errormessage=\"wpforms-356-field_3_2-error\" required >\n\t\t\t\t<span class=\"wpforms-icon-choices-label\">Silver Medlem &#8211; &#036; 309.00<\/span>\n\t\t\t<\/label><\/li><\/ul><\/fieldset><\/div><div id=\"wpforms-356-field_4-container\" class=\"wpforms-field wpforms-field-payment-total\" data-field-id=\"4\"><label class=\"wpforms-field-label\" for=\"wpforms-356-field_4\">Total<\/label><div class=\"wpforms-payment-total\">&#036; 0.00<\/div><input type=\"hidden\" id=\"wpforms-356-field_4\" class=\"wpforms-payment-total\" name=\"wpforms[fields][4]\" value=\"0\" aria-errormessage=\"wpforms-356-field_4-error\"><\/div><\/div><!-- .wpforms-field-container --><div class=\"wpforms-submit-container\" ><input type=\"hidden\" name=\"wpforms[id]\" value=\"356\"><input type=\"hidden\" name=\"wpforms[author]\" value=\"1\"><button type=\"submit\" name=\"wpforms[submit]\" id=\"wpforms-submit-356\" class=\"wpforms-submit\" data-alt-text=\"Skickar...\" data-submit-text=\"Skriv in  dig\" aria-live=\"assertive\" value=\"wpforms-submit\">Skriv in  dig<\/button><img loading=\"lazy\" decoding=\"async\" src=\"https:\/\/webbutveckling.net\/wp-content\/plugins\/wpforms-lite\/assets\/images\/submit-spin.svg\" class=\"wpforms-submit-spinner\" style=\"display: none;\" width=\"26\" height=\"26\" alt=\"Loading\"><\/div><\/form><\/div>  <!-- .wpforms-container -->\n<a class=\"ub-expand-toggle-button\" role=\"button\" aria-expanded=\"false\" aria-controls=\"ub-expand-full-10cf14ee-575c-4d4d-ad12-00b0c98bc02c\" tabindex=\"0\">Klart<\/a><\/div>\n<\/div><\/div>\n<\/div>\n<\/div>\n<\/div>\n<\/div>\n<\/div>\n<\/div>\n","protected":false},"excerpt":{"rendered":"<p>Bli medlem idag Oavsett om du \u00e4r en erfaren atlet eller en nyb\u00f6rjare som vill f\u00f6rb\u00e4ttra din h\u00e4lsa och fitness, har vi ett medlemskap som passar just dig, ditt tr\u00e4ningsbehov och livsstil. B\u00f6rja tr\u00e4na p\u00e5 dina villkor och p\u00e5 riktigt hos oss! 12 m\u00e5naders tr\u00e4ning Vill du hellre betala i kontant\/f\u00f6rskott eller nyttja ditt friskv\u00e5rdsbidrag? [&hellip;]<\/p>\n","protected":false},"author":1,"featured_media":0,"parent":0,"menu_order":0,"comment_status":"closed","ping_status":"closed","template":"","meta":{"ub_ctt_via":"","footnotes":""},"class_list":["post-229","page","type-page","status-publish","hentry"],"featured_image_src":null,"_links":{"self":[{"href":"https:\/\/webbutveckling.net\/index.php\/wp-json\/wp\/v2\/pages\/229","targetHints":{"allow":["GET"]}}],"collection":[{"href":"https:\/\/webbutveckling.net\/index.php\/wp-json\/wp\/v2\/pages"}],"about":[{"href":"https:\/\/webbutveckling.net\/index.php\/wp-json\/wp\/v2\/types\/page"}],"author":[{"embeddable":true,"href":"https:\/\/webbutveckling.net\/index.php\/wp-json\/wp\/v2\/users\/1"}],"replies":[{"embeddable":true,"href":"https:\/\/webbutveckling.net\/index.php\/wp-json\/wp\/v2\/comments?post=229"}],"version-history":[{"count":35,"href":"https:\/\/webbutveckling.net\/index.php\/wp-json\/wp\/v2\/pages\/229\/revisions"}],"predecessor-version":[{"id":416,"href":"https:\/\/webbutveckling.net\/index.php\/wp-json\/wp\/v2\/pages\/229\/revisions\/416"}],"wp:attachment":[{"href":"https:\/\/webbutveckling.net\/index.php\/wp-json\/wp\/v2\/media?parent=229"}],"curies":[{"name":"wp","href":"https:\/\/api.w.org\/{rel}","templated":true}]}}