{"id":15,"date":"2023-11-24T17:34:41","date_gmt":"2023-11-24T17:34:41","guid":{"rendered":"https:\/\/webbutveckling.net\/?page_id=15"},"modified":"2023-11-26T12:11:27","modified_gmt":"2023-11-26T12:11:27","slug":"om-oss","status":"publish","type":"page","link":"https:\/\/webbutveckling.net\/index.php\/om-oss\/","title":{"rendered":""},"content":{"rendered":"\n<div class=\"wp-block-group alignfull has-mono-4-background-color has-background has-global-padding is-content-justification-center is-layout-constrained wp-container-core-group-is-layout-746bf354 wp-block-group-is-layout-constrained wp-container-5 is-position-sticky\" style=\"border-radius:15px;min-height:0px;margin-top:0;margin-bottom:0;padding-top:0;padding-right:0;padding-bottom:0;padding-left:0\">\n<p><\/p>\n\n\n\n<div class=\"wp-block-columns is-layout-flex wp-container-core-columns-is-layout-28f84493 wp-block-columns-is-layout-flex\">\n<div class=\"wp-block-column is-layout-flow wp-block-column-is-layout-flow\" style=\"flex-basis:100%\">\n<div class=\"wp-block-group has-base-background-color has-background has-global-padding is-content-justification-left is-layout-constrained wp-container-core-group-is-layout-0d4d1b97 wp-block-group-is-layout-constrained wp-container-1 is-position-sticky\" style=\"border-style:none;border-width:0px;border-radius:8px;min-height:0px;margin-top:var(--wp--preset--spacing--superbspacing-xxsmall);margin-bottom:var(--wp--preset--spacing--superbspacing-xxsmall);padding-top:var(--wp--preset--spacing--superbspacing-xxsmall);padding-right:var(--wp--preset--spacing--superbspacing-xxsmall);padding-bottom:var(--wp--preset--spacing--superbspacing-xxsmall);padding-left:var(--wp--preset--spacing--superbspacing-xxsmall)\">\n<div class=\"wp-block-group has-border-color has-mono-3-border-color has-base-background-color has-background has-global-padding is-layout-constrained wp-container-core-group-is-layout-c43ad301 wp-block-group-is-layout-constrained\" style=\"border-width:1px;border-radius:8px;padding-top:var(--wp--preset--spacing--superbspacing-small);padding-right:var(--wp--preset--spacing--superbspacing-small);padding-bottom:var(--wp--preset--spacing--superbspacing-small);padding-left:var(--wp--preset--spacing--superbspacing-small)\">\n<div class=\"wp-block-cover has-parallax\" style=\"min-height:191px;aspect-ratio:unset;\"><span aria-hidden=\"true\" class=\"wp-block-cover__background has-background-dim\"><\/span><div role=\"img\" class=\"wp-block-cover__image-background wp-image-328 has-parallax\" style=\"background-position:50% 50%;background-image:url(https:\/\/webbutveckling.net\/wp-content\/uploads\/2023\/11\/maxresdefault.jpg)\"><\/div><div class=\"wp-block-cover__inner-container is-layout-flow wp-block-cover-is-layout-flow\">\n<p class=\"has-text-align-center has-primary-color has-text-color has-link-color wp-elements-d81d3e7d811c5af1b40680e92b1bae9f\" style=\"font-size:clamp(36.518px, 2.282rem + ((1vw - 3.2px) * 3.464), 67px);\">Om oss<\/p>\n<\/div><\/div>\n<\/div>\n<\/div>\n<\/div>\n<\/div>\n\n\n\n<div class=\"wp-block-columns alignwide are-vertically-aligned-top is-layout-flex wp-container-core-columns-is-layout-25593187 wp-block-columns-is-layout-flex\">\n<div class=\"wp-block-column is-vertically-aligned-top is-layout-flow wp-container-core-column-is-layout-40a2a7e8 wp-block-column-is-layout-flow\" style=\"padding-right:0;padding-bottom:0;padding-left:0\">\n<div class=\"wp-block-columns is-layout-flex wp-container-core-columns-is-layout-28f84493 wp-block-columns-is-layout-flex\">\n<div class=\"wp-block-column has-global-padding is-layout-constrained wp-block-column-is-layout-constrained\" style=\"flex-basis:100%\"><\/div>\n<\/div>\n<\/div>\n<\/div>\n\n\n\n<div class=\"wp-block-columns is-layout-flex wp-container-core-columns-is-layout-28f84493 wp-block-columns-is-layout-flex\">\n<div class=\"wp-block-column has-global-padding is-layout-constrained wp-block-column-is-layout-constrained\">\n<div class=\"wp-block-group has-border-color has-mono-3-border-color has-base-background-color has-background has-global-padding is-layout-constrained wp-container-core-group-is-layout-c43ad301 wp-block-group-is-layout-constrained wp-container-3 is-position-sticky\" style=\"border-width:1px;border-radius:8px;padding-top:var(--wp--preset--spacing--superbspacing-small);padding-right:var(--wp--preset--spacing--superbspacing-small);padding-bottom:var(--wp--preset--spacing--superbspacing-small);padding-left:var(--wp--preset--spacing--superbspacing-small)\">\n<p class=\"has-superbfont-xsmall-font-size\">Vi, Lars och Olov, \u00e4r grundarna av Ironworks Gym och v\u00e5r resa b\u00f6rjade f\u00f6r \u00f6ver 30 \u00e5r sedan n\u00e4r vi f\u00f6rst b\u00f6rjade tr\u00e4na. Vi har alltid haft en passion f\u00f6r h\u00e4lsa och fitness och har l\u00e4rt oss vad som kr\u00e4vs f\u00f6r att n\u00e5 v\u00e5ra m\u00e5l och uppn\u00e5 en sund livsstil.<br>&nbsp;<\/p>\n\n\n\n<p class=\"has-superbfont-xsmall-font-size\">2012 best\u00e4mde vi oss f\u00f6r att starta v\u00e5rt eget gym mitt i hj\u00e4rtat av Sundsvall som nu expanderat till G\u00f6teborg. Vi ville skapa en milj\u00f6 som var fokuserad p\u00e5 att hj\u00e4lpa m\u00e4nniskor att n\u00e5 sina fitness-m\u00e5l, oavsett om det var att bygga muskler, tappa vikt eller bara bli starkare och friskare.<\/p>\n\n\n\n<div class=\"wp-block-group is-nowrap is-layout-flex wp-container-core-group-is-layout-b098208d wp-block-group-is-layout-flex\"><\/div>\n\n\n\n<div class=\"wp-block-group has-border-color has-mono-3-border-color has-base-background-color has-background has-global-padding is-layout-constrained wp-container-core-group-is-layout-c43ad301 wp-block-group-is-layout-constrained wp-container-2 is-position-sticky\" style=\"border-width:1px;border-radius:8px;padding-top:var(--wp--preset--spacing--superbspacing-small);padding-right:var(--wp--preset--spacing--superbspacing-small);padding-bottom:var(--wp--preset--spacing--superbspacing-small);padding-left:var(--wp--preset--spacing--superbspacing-small)\">\n<p class=\"has-superbfont-xsmall-font-size\"><\/p>\n\n\n\n<div class=\"wp-block-group is-nowrap is-layout-flex wp-container-core-group-is-layout-b098208d wp-block-group-is-layout-flex\">\n<div class=\"wp-block-cover has-parallax\" style=\"min-height:254px;aspect-ratio:unset;\"><span aria-hidden=\"true\" class=\"wp-block-cover__background has-background-dim\"><\/span><div role=\"img\" class=\"wp-block-cover__image-background wp-image-293 has-parallax\" style=\"background-position:50% 50%;background-image:url(https:\/\/webbutveckling.net\/wp-content\/uploads\/2023\/11\/heavy.jpg)\"><\/div><div class=\"wp-block-cover__inner-container has-global-padding is-layout-constrained wp-block-cover-is-layout-constrained\">\n<p class=\"has-text-align-center has-large-font-size\">                                <\/p>\n\n\n\n<h3 class=\"wp-block-heading has-text-align-center has-contrast-color has-text-color has-alegreya-font-family has-superbfont-medium-font-size\">Adress<\/h3>\n\n\n\n<p class=\"has-text-align-center has-contrast-light-color has-text-color has-superbfont-medium-font-size\">IronWorks Sundsvall, S\u00f6dra J\u00e4rnv\u00e4gsgatan 13, 852 37 Sundsvall<\/p>\n\n\n\n<h3 class=\"wp-block-heading has-text-align-center has-contrast-color has-text-color has-alegreya-font-family has-superbfont-medium-font-size\">Telefon<\/h3>\n\n\n\n<p class=\"has-text-align-center has-superbfont-medium-font-size\">070-753 92 39<\/p>\n\n\n\n<h3 class=\"wp-block-heading has-text-align-center has-contrast-color has-text-color has-alegreya-font-family has-superbfont-medium-font-size\">Email<\/h3>\n\n\n\n<h3 class=\"wp-block-heading has-text-align-center has-primary-color has-text-color has-superbfont-small-font-size\"><a href=\"mailto:email@example.com\">ironworks@iw24.se<\/a><\/h3>\n<\/div><\/div>\n<\/div>\n<\/div>\n<\/div>\n<\/div>\n\n\n\n<div class=\"wp-block-column is-layout-flow wp-block-column-is-layout-flow\">\n<div class=\"wp-block-group has-border-color has-mono-3-border-color has-base-background-color has-background has-global-padding is-layout-constrained wp-container-core-group-is-layout-c43ad301 wp-block-group-is-layout-constrained wp-container-4 is-position-sticky\" style=\"border-width:1px;border-radius:8px;padding-top:var(--wp--preset--spacing--superbspacing-small);padding-right:var(--wp--preset--spacing--superbspacing-small);padding-bottom:var(--wp--preset--spacing--superbspacing-small);padding-left:var(--wp--preset--spacing--superbspacing-small)\">\n<p class=\"has-superbfont-xsmall-font-size\">Ironworks Gym \u00e4r inte bara en plats att tr\u00e4na p\u00e5, det \u00e4r en gemenskap av likasinnade m\u00e4nniskor som alla str\u00e4var mot samma m\u00e5l. Vi \u00e4r stolta \u00f6ver att vara en plats d\u00e4r alla m\u00e4nniskor kan k\u00e4nna sig v\u00e4lkomna och d\u00e4r de kan f\u00e5 st\u00f6d och hj\u00e4lp av v\u00e5rt team av experter.<br>&nbsp;<\/p>\n\n\n\n<p class=\"has-superbfont-xsmall-font-size\">Vi arbetar med varje medlem individuellt f\u00f6r att skapa ett tr\u00e4ningsprogram som \u00e4r anpassat efter deras unika m\u00e5l och behov. Vi erbjuder ocks\u00e5 kost- och h\u00e4lsor\u00e5dgivning f\u00f6r att hj\u00e4lpa v\u00e5ra medlemmar att uppn\u00e5 optimal h\u00e4lsa och v\u00e4lbefinnande.<br>&nbsp;<\/p>\n\n\n\n<p class=\"has-superbfont-xsmall-font-size\">Vi \u00e4r stolta \u00f6ver vad vi har skapat p\u00e5 Ironworks Gym och vi hoppas att du kommer att bli en del av v\u00e5r gemenskap och uppt\u00e4cka allt det som Ironworks Gym har att erbjuda.<br><br>V\u00e4lkommen till Ironworks Gym!<\/p>\n\n\n\n<div class=\"wp-block-group is-nowrap is-layout-flex wp-container-core-group-is-layout-b098208d wp-block-group-is-layout-flex\">\n<div class=\"wp-block-buttons is-layout-flex wp-container-core-buttons-is-layout-69f3c5ca wp-block-buttons-is-layout-flex\">\n<div class=\"wp-block-button has-custom-font-size has-superbfont-small-font-size\"><a class=\"wp-block-button__link wp-element-button\" href=\"https:\/\/webbutveckling.net\/\" style=\"padding-top:var(--wp--preset--spacing--superbspacing-xsmall);padding-right:var(--wp--preset--spacing--superbspacing-xsmall);padding-bottom:var(--wp--preset--spacing--superbspacing-xsmall);padding-left:var(--wp--preset--spacing--superbspacing-xsmall)\">Tillbaka\u2192<\/a><\/div>\n<\/div>\n<\/div>\n<\/div>\n<\/div>\n<\/div>\n<\/div>\n","protected":false},"excerpt":{"rendered":"<p>Vi, Lars och Olov, \u00e4r grundarna av Ironworks Gym och v\u00e5r resa b\u00f6rjade f\u00f6r \u00f6ver 30 \u00e5r sedan n\u00e4r vi f\u00f6rst b\u00f6rjade tr\u00e4na. Vi har alltid haft en passion f\u00f6r h\u00e4lsa och fitness och har l\u00e4rt oss vad som kr\u00e4vs f\u00f6r att n\u00e5 v\u00e5ra m\u00e5l och uppn\u00e5 en sund livsstil.&nbsp; 2012 best\u00e4mde vi oss f\u00f6r [&hellip;]<\/p>\n","protected":false},"author":1,"featured_media":0,"parent":0,"menu_order":0,"comment_status":"closed","ping_status":"closed","template":"","meta":{"ub_ctt_via":"","footnotes":""},"class_list":["post-15","page","type-page","status-publish","hentry"],"featured_image_src":null,"_links":{"self":[{"href":"https:\/\/webbutveckling.net\/index.php\/wp-json\/wp\/v2\/pages\/15","targetHints":{"allow":["GET"]}}],"collection":[{"href":"https:\/\/webbutveckling.net\/index.php\/wp-json\/wp\/v2\/pages"}],"about":[{"href":"https:\/\/webbutveckling.net\/index.php\/wp-json\/wp\/v2\/types\/page"}],"author":[{"embeddable":true,"href":"https:\/\/webbutveckling.net\/index.php\/wp-json\/wp\/v2\/users\/1"}],"replies":[{"embeddable":true,"href":"https:\/\/webbutveckling.net\/index.php\/wp-json\/wp\/v2\/comments?post=15"}],"version-history":[{"count":61,"href":"https:\/\/webbutveckling.net\/index.php\/wp-json\/wp\/v2\/pages\/15\/revisions"}],"predecessor-version":[{"id":329,"href":"https:\/\/webbutveckling.net\/index.php\/wp-json\/wp\/v2\/pages\/15\/revisions\/329"}],"wp:attachment":[{"href":"https:\/\/webbutveckling.net\/index.php\/wp-json\/wp\/v2\/media?parent=15"}],"curies":[{"name":"wp","href":"https:\/\/api.w.org\/{rel}","templated":true}]}}