{"id":10,"date":"2023-11-24T17:29:50","date_gmt":"2023-11-24T17:29:50","guid":{"rendered":"https:\/\/webbutveckling.net\/?page_id=10"},"modified":"2023-11-26T09:32:18","modified_gmt":"2023-11-26T09:32:18","slug":"medlemskap","status":"publish","type":"page","link":"https:\/\/webbutveckling.net\/index.php\/medlemskap\/","title":{"rendered":""},"content":{"rendered":"\n<div class=\"wp-block-group has-mono-4-background-color has-background has-global-padding is-layout-constrained wp-container-core-group-is-layout-c3433f61 wp-block-group-is-layout-constrained wp-container-1 is-position-sticky\" style=\"border-radius:15px;margin-top:0;margin-bottom:0;padding-top:var(--wp--preset--spacing--superbspacing-xxlarge);padding-right:var(--wp--preset--spacing--superbspacing-small);padding-bottom:var(--wp--preset--spacing--superbspacing-xxlarge);padding-left:var(--wp--preset--spacing--superbspacing-small)\">\n<h2 class=\"wp-block-heading has-primary-color has-text-color has-link-color wp-elements-db12d0075d25200cfd4bd1733e049a5e\">Medlemskap<\/h2>\n\n\n\n<div class=\"wp-block-columns is-layout-flex wp-container-core-columns-is-layout-28f84493 wp-block-columns-is-layout-flex\">\n<div class=\"wp-block-column is-layout-flow wp-block-column-is-layout-flow\">\n<div class=\"wp-block-group has-border-color has-mono-3-border-color has-base-background-color has-background has-global-padding is-layout-constrained wp-container-core-group-is-layout-c43ad301 wp-block-group-is-layout-constrained\" style=\"border-width:1px;border-radius:8px;padding-top:var(--wp--preset--spacing--superbspacing-small);padding-right:var(--wp--preset--spacing--superbspacing-small);padding-bottom:var(--wp--preset--spacing--superbspacing-small);padding-left:var(--wp--preset--spacing--superbspacing-small)\">\n<h2 class=\"wp-block-heading\">Lugn, vi bjuder p\u00e5 din upps\u00e4gningstid!<\/h2>\n\n\n\n<p class=\"has-superbfont-xsmall-font-size\">Tvekar du f\u00f6r att du har l\u00e5ng upps\u00e4gningstid p\u00e5 annat gym? vi l\u00f6ser det.<br>Tecknar du 12 m\u00e5naders medlemskap hos oss f\u00e5r du upp till 3 m\u00e5nader gratis medlemsskap hos oss i samband med att du s\u00e4ger upp ditt gamla gymmedlemsskap.<\/p>\n<\/div>\n<\/div>\n\n\n\n<div class=\"wp-block-column is-layout-flow wp-block-column-is-layout-flow\">\n<div class=\"wp-block-group has-border-color has-mono-3-border-color has-base-background-color has-background has-global-padding is-layout-constrained wp-container-core-group-is-layout-c43ad301 wp-block-group-is-layout-constrained\" style=\"border-width:1px;border-radius:8px;padding-top:var(--wp--preset--spacing--superbspacing-small);padding-right:var(--wp--preset--spacing--superbspacing-small);padding-bottom:var(--wp--preset--spacing--superbspacing-small);padding-left:var(--wp--preset--spacing--superbspacing-small)\">\n<figure class=\"wp-block-image size-full is-resized\"><img loading=\"lazy\" decoding=\"async\" width=\"725\" height=\"478\" src=\"https:\/\/webbutveckling.net\/wp-content\/uploads\/2023\/11\/medlem-1.jpg\" alt=\"\" class=\"wp-image-296\" style=\"width:468px;height:auto\"\/><\/figure>\n<\/div>\n\n\n\n<p><\/p>\n\n\n\n<p><\/p>\n<\/div>\n<\/div>\n\n\n\n<div class=\"wp-block-columns is-layout-flex wp-container-core-columns-is-layout-28f84493 wp-block-columns-is-layout-flex\">\n<div class=\"wp-block-column is-layout-flow wp-block-column-is-layout-flow\">\n<h2 class=\"wp-block-heading\">Priser Autogiro<\/h2>\n\n\n\n<p class=\"has-superbfont-xsmall-font-size\">Standard: 329:-\/m\u00e5n (12m\u00e5naders bindningstid)<br>Standard obundet: 399:-\/m\u00e5n (utan bindningstid)<br>Blackcard: 379:-\/m\u00e5n (utan bindningstid)<br>Student: 279:-\/m\u00e5n (12m\u00e5naders bindningstid)<br>Ungdom (under 18\u00e5r) 249:-\/m\u00e5n (12m\u00e5naders bindningstid)<br>Senior: 199:-\/m\u00e5n (12m\u00e5naders bindningstid)<br>Familjekort 3st tr\u00e4nande:&nbsp;749:-\/m\u00e5n (12m\u00e5naders bindningstid)<br>Familjekort 4st tr\u00e4nande:&nbsp;999:-\/m\u00e5n (12m\u00e5naders bindningstid)<\/p>\n<\/div>\n\n\n\n<div class=\"wp-block-column is-layout-flow wp-block-column-is-layout-flow\">\n<h2 class=\"wp-block-heading\">Priser Kontantk\u00f6p<\/h2>\n\n\n\n<p class=\"has-superbfont-xsmall-font-size\">\u00c5rskort&nbsp;4 199:-<br>\u00c5rskort Blackcard&nbsp; 4 799:-<br>\u00c5rskort Student&nbsp; 3 399:-<br>M\u00e5nadskort 6 m\u00e5n&nbsp;2 399:-<br>M\u00e5nadskort 3 m\u00e5n 1 499:-<br>M\u00e5nadskort 1 m\u00e5n 599:-<br>M\u00e5nadskort 6 m\u00e5n (Student) 1 999:-<br>Klippkort 10st gympass 799:-<\/p>\n<\/div>\n<\/div>\n\n\n\n<div class=\"wp-block-columns alignwide are-vertically-aligned-top is-layout-flex wp-container-core-columns-is-layout-3ae839bb wp-block-columns-is-layout-flex\" style=\"border-radius:0px;padding-top:0;padding-right:0;padding-bottom:0;padding-left:0\">\n<div class=\"wp-block-column is-vertically-aligned-top is-layout-flow wp-container-core-column-is-layout-eef95d05 wp-block-column-is-layout-flow\" style=\"padding-top:0px;padding-right:0px;padding-bottom:0px;padding-left:0px\">\n<div class=\"wp-block-group has-border-color has-mono-3-border-color has-base-background-color has-background has-global-padding is-layout-constrained wp-container-core-group-is-layout-c43ad301 wp-block-group-is-layout-constrained\" style=\"border-width:1px;border-radius:8px;padding-top:var(--wp--preset--spacing--superbspacing-small);padding-right:var(--wp--preset--spacing--superbspacing-small);padding-bottom:var(--wp--preset--spacing--superbspacing-small);padding-left:var(--wp--preset--spacing--superbspacing-small)\">\n<p class=\"has-text-align-left has-secondary-color has-text-color has-superbfont-xsmall-font-size\">Sedan jag har varit en del av det har jag bara tr\u00e4ffat m\u00e4nniskor som hj\u00e4lper mig i allt jag g\u00f6r och som alltid motiverar dig att bli b\u00e4ttre.<\/p>\n\n\n\n<div class=\"wp-block-group is-nowrap is-layout-flex wp-container-core-group-is-layout-b098208d wp-block-group-is-layout-flex\">\n<figure class=\"wp-block-image aligncenter size-large is-resized has-custom-border\"><img decoding=\"async\" src=\"https:\/\/webbutveckling.net\/wp-content\/themes\/foodify\/assets\/images\/testimonial-avatar1.jpg\" alt=\"\" style=\"border-radius:50%;width:48px;height:48px\"\/><\/figure>\n\n\n\n<div class=\"wp-block-group is-vertical is-content-justification-left is-layout-flex wp-container-core-group-is-layout-2290e706 wp-block-group-is-layout-flex\">\n<h2 class=\"wp-block-heading has-text-align-left has-contrast-color has-text-color has-alegreya-font-family has-superbfont-small-font-size\">Eva  Nordstr\u00f6m<\/h2>\n\n\n\n<p class=\"has-text-align-left has-primary-color has-text-color has-superbfont-xsmall-font-size\">Studerande<\/p>\n<\/div>\n<\/div>\n<\/div>\n<\/div>\n\n\n\n<div class=\"wp-block-column is-vertically-aligned-top is-layout-flow wp-container-core-column-is-layout-eef95d05 wp-block-column-is-layout-flow\" style=\"padding-top:0px;padding-right:0px;padding-bottom:0px;padding-left:0px\">\n<div class=\"wp-block-group has-border-color has-mono-3-border-color has-base-background-color has-background has-global-padding is-layout-constrained wp-container-core-group-is-layout-c43ad301 wp-block-group-is-layout-constrained\" style=\"border-width:1px;border-radius:8px;padding-top:var(--wp--preset--spacing--superbspacing-small);padding-right:var(--wp--preset--spacing--superbspacing-small);padding-bottom:var(--wp--preset--spacing--superbspacing-small);padding-left:var(--wp--preset--spacing--superbspacing-small)\">\n<p class=\"has-text-align-left has-secondary-color has-text-color has-superbfont-xsmall-font-size\">Vi k\u00e4nner att vi \u00e4r i en stor familj. atmosf\u00e4ren \u00e4r mycket v\u00e4nlig<\/p>\n\n\n\n<div class=\"wp-block-group is-nowrap is-layout-flex wp-container-core-group-is-layout-b098208d wp-block-group-is-layout-flex\">\n<figure class=\"wp-block-image aligncenter size-large is-resized has-custom-border\"><img decoding=\"async\" src=\"https:\/\/webbutveckling.net\/wp-content\/themes\/foodify\/assets\/images\/testimonial-avatar2.jpg\" alt=\"\" style=\"border-radius:50%;width:48px;height:48px\"\/><\/figure>\n\n\n\n<div class=\"wp-block-group is-vertical is-content-justification-left is-layout-flex wp-container-core-group-is-layout-2290e706 wp-block-group-is-layout-flex\">\n<h2 class=\"wp-block-heading has-text-align-left has-contrast-color has-text-color has-alegreya-font-family has-superbfont-small-font-size\">Markus Birklund<\/h2>\n\n\n\n<p class=\"has-text-align-left has-primary-color has-text-color has-superbfont-xsmall-font-size\">Ingenj\u00f6r<\/p>\n<\/div>\n<\/div>\n<\/div>\n<\/div>\n\n\n\n<div class=\"wp-block-column is-vertically-aligned-top is-layout-flow wp-container-core-column-is-layout-eef95d05 wp-block-column-is-layout-flow\" style=\"padding-top:0px;padding-right:0px;padding-bottom:0px;padding-left:0px\">\n<div class=\"wp-block-group has-border-color has-mono-3-border-color has-base-background-color has-background has-global-padding is-layout-constrained wp-container-core-group-is-layout-c43ad301 wp-block-group-is-layout-constrained\" style=\"border-width:1px;border-radius:8px;padding-top:var(--wp--preset--spacing--superbspacing-small);padding-right:var(--wp--preset--spacing--superbspacing-small);padding-bottom:var(--wp--preset--spacing--superbspacing-small);padding-left:var(--wp--preset--spacing--superbspacing-small)\">\n<p class=\"has-text-align-left has-secondary-color has-text-color has-superbfont-xsmall-font-size\">Inget annat \u00e4n anstr\u00e4ngningar att g\u00f6ra framsteg, och inget annat \u00e4n ett kompetent team som hj\u00e4lper dig att g\u00e5 fram\u00e5t<\/p>\n\n\n\n<div class=\"wp-block-group is-nowrap is-layout-flex wp-container-core-group-is-layout-b098208d wp-block-group-is-layout-flex\">\n<figure class=\"wp-block-image aligncenter size-large is-resized has-custom-border\"><img decoding=\"async\" src=\"https:\/\/webbutveckling.net\/wp-content\/themes\/foodify\/assets\/images\/testimonial-avatar3.jpg\" alt=\"\" style=\"border-radius:50%;width:48px;height:48px\"\/><\/figure>\n\n\n\n<div class=\"wp-block-group is-vertical is-content-justification-left is-layout-flex wp-container-core-group-is-layout-2290e706 wp-block-group-is-layout-flex\">\n<h2 class=\"wp-block-heading has-text-align-left has-contrast-color has-text-color has-alegreya-font-family has-superbfont-small-font-size\">Kerstin Lunqvist<\/h2>\n\n\n\n<p class=\"has-text-align-left has-primary-color has-text-color has-superbfont-xsmall-font-size\">F\u00f6retagsledare<\/p>\n<\/div>\n<\/div>\n<\/div>\n<\/div>\n<\/div>\n<\/div>\n","protected":false},"excerpt":{"rendered":"<p>Medlemskap Lugn, vi bjuder p\u00e5 din upps\u00e4gningstid! Tvekar du f\u00f6r att du har l\u00e5ng upps\u00e4gningstid p\u00e5 annat gym? vi l\u00f6ser det.Tecknar du 12 m\u00e5naders medlemskap hos oss f\u00e5r du upp till 3 m\u00e5nader gratis medlemsskap hos oss i samband med att du s\u00e4ger upp ditt gamla gymmedlemsskap. Priser Autogiro Standard: 329:-\/m\u00e5n (12m\u00e5naders bindningstid)Standard obundet: 399:-\/m\u00e5n [&hellip;]<\/p>\n","protected":false},"author":1,"featured_media":0,"parent":0,"menu_order":0,"comment_status":"closed","ping_status":"closed","template":"","meta":{"ub_ctt_via":"","footnotes":""},"class_list":["post-10","page","type-page","status-publish","hentry"],"featured_image_src":null,"_links":{"self":[{"href":"https:\/\/webbutveckling.net\/index.php\/wp-json\/wp\/v2\/pages\/10","targetHints":{"allow":["GET"]}}],"collection":[{"href":"https:\/\/webbutveckling.net\/index.php\/wp-json\/wp\/v2\/pages"}],"about":[{"href":"https:\/\/webbutveckling.net\/index.php\/wp-json\/wp\/v2\/types\/page"}],"author":[{"embeddable":true,"href":"https:\/\/webbutveckling.net\/index.php\/wp-json\/wp\/v2\/users\/1"}],"replies":[{"embeddable":true,"href":"https:\/\/webbutveckling.net\/index.php\/wp-json\/wp\/v2\/comments?post=10"}],"version-history":[{"count":24,"href":"https:\/\/webbutveckling.net\/index.php\/wp-json\/wp\/v2\/pages\/10\/revisions"}],"predecessor-version":[{"id":301,"href":"https:\/\/webbutveckling.net\/index.php\/wp-json\/wp\/v2\/pages\/10\/revisions\/301"}],"wp:attachment":[{"href":"https:\/\/webbutveckling.net\/index.php\/wp-json\/wp\/v2\/media?parent=10"}],"curies":[{"name":"wp","href":"https:\/\/api.w.org\/{rel}","templated":true}]}}